{"id":10,"date":"2019-03-10T13:42:20","date_gmt":"2019-03-10T12:42:20","guid":{"rendered":"http:\/\/joiedecrire.ovh\/?page_id=10"},"modified":"2022-01-16T17:33:30","modified_gmt":"2022-01-16T16:33:30","slug":"contact","status":"publish","type":"page","link":"https:\/\/joiedecrire.fr\/index.php\/contact\/","title":{"rendered":"Contact"},"content":{"rendered":"<p><img loading=\"lazy\" class=\"size-medium wp-image-77 alignright\" src=\"https:\/\/joiedecrire.fr\/wp-content\/uploads\/2019\/03\/P1160801-e1558274248966-300x225.jpg\" alt=\"\" width=\"300\" height=\"225\" srcset=\"https:\/\/joiedecrire.fr\/wp-content\/uploads\/2019\/03\/P1160801-e1558274248966-300x225.jpg 300w, https:\/\/joiedecrire.fr\/wp-content\/uploads\/2019\/03\/P1160801-e1558274248966-768x576.jpg 768w, https:\/\/joiedecrire.fr\/wp-content\/uploads\/2019\/03\/P1160801-e1558274248966-1024x768.jpg 1024w\" sizes=\"(max-width: 300px) 100vw, 300px\" \/><\/p>\n<h2><em>Qui suis-je\u00a0?<\/em><\/h2>\n<p><span style=\"font-weight: 400;\">Depuis toujours, j\u2019ai aim\u00e9 \u00e9crire, \u00e9crire \u00e0 la plume en CM2, puis \u00e9crire avec tout type de stylo, plaisir \u00e0 voir les pleins et d\u00e9li\u00e9s. Joie de pouvoir exercer librement cette activit\u00e9 dans n\u2019importe quel lieu, y compris le d\u00e9sert. <\/span><\/p>\n<p><span style=\"font-weight: 400;\">D\u00e9butant ma carri\u00e8re d\u2019enseignante en 2006 par une classe de CP, je me suis sentie d\u00e9munie devant les difficult\u00e9s de mes \u00e9l\u00e8ves dans ce domaine. La lecture de l\u2019ouvrage de Dani\u00e8le Dumont \u00ab <strong>le geste d\u2019\u00e9criture<\/strong> \u00bb, et la d\u00e9couverte de ses cahiers m\u2019ont \u00e9t\u00e9 bien utiles et m\u2019ont permis d\u2019apporter de premi\u00e8res r\u00e9ponses pour faire progresser mes \u00e9l\u00e8ves.<\/span><\/p>\n<p><span style=\"font-weight: 400;\">J\u2019ai ensuite enseign\u00e9 dans tous les niveaux et plus particuli\u00e8rement en maternelle ces derni\u00e8res ann\u00e9es. R\u00e9guli\u00e8rement confront\u00e9e aux difficult\u00e9s en <strong>graphisme, \u00e9criture<\/strong>, j\u2019ai souhait\u00e9 compl\u00e9ter mes connaissances de la m\u00e9thode Dani\u00e8le Dumont. C\u2019est pourquoi je me suis form\u00e9e en 2013-2014 au cours priv\u00e9 du m\u00eame nom pour devenir <strong>R\u00e9\u00e9ducatrice du geste d\u2019\u00e9criture dipl\u00f4m\u00e9e.<\/strong><\/span><\/p>\n<p><span style=\"font-weight: 400;\">J\u2019aurai \u00e0 c\u0153ur de vous accompagner avec bienveillance dans votre r\u00e9apprentissage, pour vous permettre de d\u00e9couvrir la joie d\u2019\u00e9crire de mani\u00e8re indolore, fluide et lisible.<\/span><\/p>\n<h2><em>Me contacter<\/em><\/h2>\n<p><b>B\u00e9n\u00e9dicte MARAIS-VIAC<\/b><\/p>\n<p><b>R\u00e9\u00e9ducatrice du geste d\u2019\u00e9criture<\/b><\/p>\n<p><strong>\u00a0Soisy sur Seine, ESSONNE<br \/>\n<\/strong><\/p>\n<p><span style=\"font-weight: 400;\">T\u00e9l : 06 16 82 47 75<\/span><\/p>\n<p><span style=\"font-weight: 400;\">benedicte@joiedecrire.fr<\/span><\/p>\n","protected":false},"excerpt":{"rendered":"<p>Qui suis-je\u00a0? Depuis toujours, j\u2019ai aim\u00e9 \u00e9crire, \u00e9crire \u00e0 la plume en CM2, puis \u00e9crire avec tout type de stylo, plaisir \u00e0 voir les pleins et d\u00e9li\u00e9s. Joie de pouvoir exercer librement cette activit\u00e9 dans n\u2019importe quel lieu, y compris le d\u00e9sert. D\u00e9butant ma carri\u00e8re d\u2019enseignante en 2006 par une classe de CP, je me [&hellip;]<\/p>\n","protected":false},"author":1,"featured_media":0,"parent":0,"menu_order":0,"comment_status":"closed","ping_status":"closed","template":"","meta":[],"_links":{"self":[{"href":"https:\/\/joiedecrire.fr\/index.php\/wp-json\/wp\/v2\/pages\/10"}],"collection":[{"href":"https:\/\/joiedecrire.fr\/index.php\/wp-json\/wp\/v2\/pages"}],"about":[{"href":"https:\/\/joiedecrire.fr\/index.php\/wp-json\/wp\/v2\/types\/page"}],"author":[{"embeddable":true,"href":"https:\/\/joiedecrire.fr\/index.php\/wp-json\/wp\/v2\/users\/1"}],"replies":[{"embeddable":true,"href":"https:\/\/joiedecrire.fr\/index.php\/wp-json\/wp\/v2\/comments?post=10"}],"version-history":[{"count":10,"href":"https:\/\/joiedecrire.fr\/index.php\/wp-json\/wp\/v2\/pages\/10\/revisions"}],"predecessor-version":[{"id":296,"href":"https:\/\/joiedecrire.fr\/index.php\/wp-json\/wp\/v2\/pages\/10\/revisions\/296"}],"wp:attachment":[{"href":"https:\/\/joiedecrire.fr\/index.php\/wp-json\/wp\/v2\/media?parent=10"}],"curies":[{"name":"wp","href":"https:\/\/api.w.org\/{rel}","templated":true}]}}