{"id":189,"date":"2019-05-19T18:03:12","date_gmt":"2019-05-19T16:03:12","guid":{"rendered":"https:\/\/joiedecrire.fr\/?page_id=189"},"modified":"2019-08-12T18:04:21","modified_gmt":"2019-08-12T16:04:21","slug":"avant-apres","status":"publish","type":"page","link":"https:\/\/joiedecrire.fr\/index.php\/avant-apres\/","title":{"rendered":"Avant\/Apr\u00e8s"},"content":{"rendered":"\n<div class=\"wp-block-columns has-2-columns\">\n<div class=\"wp-block-column\">\n<figure class=\"wp-block-image\"><img loading=\"lazy\" width=\"945\" height=\"756\" src=\"https:\/\/joiedecrire.fr\/wp-content\/uploads\/2019\/05\/2.jpg\" alt=\"\" class=\"wp-image-226\" srcset=\"https:\/\/joiedecrire.fr\/wp-content\/uploads\/2019\/05\/2.jpg 945w, https:\/\/joiedecrire.fr\/wp-content\/uploads\/2019\/05\/2-300x240.jpg 300w, https:\/\/joiedecrire.fr\/wp-content\/uploads\/2019\/05\/2-768x614.jpg 768w\" sizes=\"(max-width: 945px) 100vw, 945px\" \/><\/figure>\n<\/div>\n\n\n\n<div class=\"wp-block-column\">\n<p>Gr\u00e2ce \u00e0 une grande implication, C. a r\u00e9ussi \u00e0 am\u00e9liorer sa vitesse et sa lisibilit\u00e9 pour d\u00e9couvrir le plaisir d\u2019\u00e9crire sans douleur.<\/p>\n<\/div>\n<\/div>\n\n\n\n<div class=\"wp-block-media-text alignwide\"><figure class=\"wp-block-media-text__media\"><img loading=\"lazy\" width=\"945\" height=\"756\" src=\"https:\/\/joiedecrire.fr\/wp-content\/uploads\/2019\/05\/P2.-K.-gar\u00e7on-de-9-ans-1.jpg\" alt=\"\" class=\"wp-image-215\" srcset=\"https:\/\/joiedecrire.fr\/wp-content\/uploads\/2019\/05\/P2.-K.-gar\u00e7on-de-9-ans-1.jpg 945w, https:\/\/joiedecrire.fr\/wp-content\/uploads\/2019\/05\/P2.-K.-gar\u00e7on-de-9-ans-1-300x240.jpg 300w, https:\/\/joiedecrire.fr\/wp-content\/uploads\/2019\/05\/P2.-K.-gar\u00e7on-de-9-ans-1-768x614.jpg 768w\" sizes=\"(max-width: 945px) 100vw, 945px\" \/><\/figure><div class=\"wp-block-media-text__content\">\n<p>\n\nP\u00e9nalis\u00e9 par sa lenteur, K. ne parvenait pas \u00e0 suivre le rythme de sa classe. Gr\u00e2ce \u00e0 sa t\u00e9nacit\u00e9 et sa volont\u00e9, il a r\u00e9ussi \u00e0 surmonter ses difficult\u00e9s et d\u00e9couvert la joie d&rsquo;\u00e9crire sans douleur.\n\n<\/p>\n<\/div><\/div>\n\n\n\n<div class=\"wp-block-columns has-2-columns\">\n<div class=\"wp-block-column\">\n<figure class=\"wp-block-image\"><img loading=\"lazy\" width=\"945\" height=\"756\" src=\"https:\/\/joiedecrire.fr\/wp-content\/uploads\/2019\/05\/Des-probl\u00e8mes-de-vitesse-r\u00e9solus-6.jpg\" alt=\"\" class=\"wp-image-222\" srcset=\"https:\/\/joiedecrire.fr\/wp-content\/uploads\/2019\/05\/Des-probl\u00e8mes-de-vitesse-r\u00e9solus-6.jpg 945w, https:\/\/joiedecrire.fr\/wp-content\/uploads\/2019\/05\/Des-probl\u00e8mes-de-vitesse-r\u00e9solus-6-300x240.jpg 300w, https:\/\/joiedecrire.fr\/wp-content\/uploads\/2019\/05\/Des-probl\u00e8mes-de-vitesse-r\u00e9solus-6-768x614.jpg 768w\" sizes=\"(max-width: 945px) 100vw, 945px\" \/><\/figure>\n<\/div>\n\n\n\n<div class=\"wp-block-column\">\n<p>J., 10 ans en CM2 n&rsquo;\u00e9tait pas lisible quand il \u00e9crivait vite. Avec une nouvelle posture ainsi qu&rsquo;une meilleure tenue du crayon, il a retrouv\u00e9 une \u00e9criture fluide et fait disparaitre ses douleurs.<\/p>\n<\/div>\n<\/div>\n\n\n\n<div class=\"wp-block-columns has-2-columns\">\n<div class=\"wp-block-column\">\n<figure class=\"wp-block-image\"><img loading=\"lazy\" width=\"945\" height=\"756\" src=\"https:\/\/joiedecrire.fr\/wp-content\/uploads\/2019\/05\/K.-gar\u00e7on-de-9-ans-1-1.jpg\" alt=\"\" class=\"wp-image-218\" srcset=\"https:\/\/joiedecrire.fr\/wp-content\/uploads\/2019\/05\/K.-gar\u00e7on-de-9-ans-1-1.jpg 945w, https:\/\/joiedecrire.fr\/wp-content\/uploads\/2019\/05\/K.-gar\u00e7on-de-9-ans-1-1-300x240.jpg 300w, https:\/\/joiedecrire.fr\/wp-content\/uploads\/2019\/05\/K.-gar\u00e7on-de-9-ans-1-1-768x614.jpg 768w\" sizes=\"(max-width: 945px) 100vw, 945px\" \/><\/figure>\n<\/div>\n\n\n\n<div class=\"wp-block-column\">\n<p>En changeant sa posture et sa tenue du crayon, G. a r\u00e9solu ses probl\u00e8mes de douleur, lisibilit\u00e9 et propret\u00e9.<\/p>\n<\/div>\n<\/div>\n\n\n\n<figure class=\"wp-block-image is-resized\"><img loading=\"lazy\" src=\"https:\/\/joiedecrire.fr\/wp-content\/uploads\/2019\/05\/Espace-r\u00e9serv\u00e9-au-texte-1.jpg\" alt=\"\" class=\"wp-image-220\" width=\"491\" height=\"393\" srcset=\"https:\/\/joiedecrire.fr\/wp-content\/uploads\/2019\/05\/Espace-r\u00e9serv\u00e9-au-texte-1.jpg 945w, https:\/\/joiedecrire.fr\/wp-content\/uploads\/2019\/05\/Espace-r\u00e9serv\u00e9-au-texte-1-300x240.jpg 300w, https:\/\/joiedecrire.fr\/wp-content\/uploads\/2019\/05\/Espace-r\u00e9serv\u00e9-au-texte-1-768x614.jpg 768w\" sizes=\"(max-width: 491px) 100vw, 491px\" \/><\/figure>\n","protected":false},"excerpt":{"rendered":"<p>Gr\u00e2ce \u00e0 une grande implication, C. a r\u00e9ussi \u00e0 am\u00e9liorer sa vitesse et sa lisibilit\u00e9 pour d\u00e9couvrir le plaisir d\u2019\u00e9crire sans douleur. P\u00e9nalis\u00e9 par sa lenteur, K. ne parvenait pas \u00e0 suivre le rythme de sa classe. Gr\u00e2ce \u00e0 sa t\u00e9nacit\u00e9 et sa volont\u00e9, il a r\u00e9ussi \u00e0 surmonter ses difficult\u00e9s et d\u00e9couvert la joie [&hellip;]<\/p>\n","protected":false},"author":1,"featured_media":0,"parent":0,"menu_order":1,"comment_status":"closed","ping_status":"closed","template":"","meta":[],"_links":{"self":[{"href":"https:\/\/joiedecrire.fr\/index.php\/wp-json\/wp\/v2\/pages\/189"}],"collection":[{"href":"https:\/\/joiedecrire.fr\/index.php\/wp-json\/wp\/v2\/pages"}],"about":[{"href":"https:\/\/joiedecrire.fr\/index.php\/wp-json\/wp\/v2\/types\/page"}],"author":[{"embeddable":true,"href":"https:\/\/joiedecrire.fr\/index.php\/wp-json\/wp\/v2\/users\/1"}],"replies":[{"embeddable":true,"href":"https:\/\/joiedecrire.fr\/index.php\/wp-json\/wp\/v2\/comments?post=189"}],"version-history":[{"count":11,"href":"https:\/\/joiedecrire.fr\/index.php\/wp-json\/wp\/v2\/pages\/189\/revisions"}],"predecessor-version":[{"id":255,"href":"https:\/\/joiedecrire.fr\/index.php\/wp-json\/wp\/v2\/pages\/189\/revisions\/255"}],"wp:attachment":[{"href":"https:\/\/joiedecrire.fr\/index.php\/wp-json\/wp\/v2\/media?parent=189"}],"curies":[{"name":"wp","href":"https:\/\/api.w.org\/{rel}","templated":true}]}}