{"id":195,"date":"2019-05-25T14:12:39","date_gmt":"2019-05-25T12:12:39","guid":{"rendered":"https:\/\/joiedecrire.fr\/?page_id=195"},"modified":"2019-08-17T15:15:27","modified_gmt":"2019-08-17T13:15:27","slug":"mentions-legales","status":"publish","type":"page","link":"https:\/\/joiedecrire.fr\/index.php\/mentions-legales\/","title":{"rendered":"Mentions l\u00e9gales"},"content":{"rendered":"\n<p><strong>Protection des donn\u00e9es personnelles<\/strong><br>\nConform\u00e9ment \u00e0 la loi Informatique et Libert\u00e9s du 6 janvier 1978 (art. \n34), vous disposez d\u2019un droit d\u2019acc\u00e8s, de rectification ou de \nsuppression concernant les donn\u00e9es personnelles que nous pourrions \u00eatre \namen\u00e9s \u00e0 recueillir (donn\u00e9es renseign\u00e9es par vous). <\/p>\n\n\n\n<p><strong>Droits d\u2019auteur <\/strong><br>\nTous\n les articles et documents de ce site sont sous licence Cr\u00e9ative \nCommons. Vous pouvez les t\u00e9l\u00e9charger et les utiliser \u00e0 des fins \np\u00e9dagogiques. Nous vous demandons de conserver la source.<\/p>\n\n\n\n<p>Malgr\u00e9 tous les soins apport\u00e9s \u00e0 la r\u00e9alisation de ce site et \u00e0 son \nactualisation r\u00e9guli\u00e8re, des erreurs peuvent s\u2019\u00eatre gliss\u00e9es dans les \ninformations et\/ou documents pr\u00e9sent\u00e9s. Si vous en constatez n\u2019h\u00e9sitez \npas \u00e0 nous le faire savoir en nous contactant, nous proc\u00e9derons aux \nrectifications correspondantes.<\/p>\n\n\n\n<p><strong>Liens hypertextes<\/strong><br>\nCe site contient des liens hypertextes permettant l\u2019acc\u00e8s \u00e0 des sites qui ne sont pas \u00e9dit\u00e9s par le responsable de ce site.<br>\nEn cons\u00e9quence le directeur de publication ne saurait \u00eatre tenu pour \nresponsable du contenu des sites auxquels l\u2019internaute aurait ainsi \nacc\u00e8s.<\/p>\n\n\n\n<p><strong>\u00c9diteur responsable<\/strong><br> Le pr\u00e9sent site est la propri\u00e9t\u00e9 de B\u00e9n\u00e9dicte  Marais-Viac  <br> Le directeur de la publication est  B\u00e9n\u00e9dicte  Marais-Viac   <br> Le webmaster est  B\u00e9n\u00e9dicte  Marais-Viac   .<\/p>\n\n\n\n<p><strong>R\u00e9alisation, h\u00e9bergement du site<\/strong><br> Le site est r\u00e9alis\u00e9 par  B\u00e9n\u00e9dicte Marais-Viac <br> Il est h\u00e9berg\u00e9 par : OVH<br> 5 place des tailleurs de pierre <br> 91450 Soisy sur Seine<br> T\u00e9l : 06 16 82 47 75<br> <\/p>\n\n\n\n<p><strong>Gestion \u00e9ditoriale<br> <\/strong>La gestion \u00e9ditoriale du site est assur\u00e9e par :<br>  B\u00e9n\u00e9dicte Marais-Viac <br>  5 place des tailleurs de pierre <br> 91450 Soisy sur Seine<br> T\u00e9l : 06 16 82 47 75<br> <\/p>\n","protected":false},"excerpt":{"rendered":"<p>Protection des donn\u00e9es personnelles Conform\u00e9ment \u00e0 la loi Informatique et Libert\u00e9s du 6 janvier 1978 (art. 34), vous disposez d\u2019un droit d\u2019acc\u00e8s, de rectification ou de suppression concernant les donn\u00e9es personnelles que nous pourrions \u00eatre amen\u00e9s \u00e0 recueillir (donn\u00e9es renseign\u00e9es par vous). Droits d\u2019auteur Tous les articles et documents de ce site sont sous licence [&hellip;]<\/p>\n","protected":false},"author":1,"featured_media":0,"parent":0,"menu_order":0,"comment_status":"closed","ping_status":"closed","template":"","meta":[],"_links":{"self":[{"href":"https:\/\/joiedecrire.fr\/index.php\/wp-json\/wp\/v2\/pages\/195"}],"collection":[{"href":"https:\/\/joiedecrire.fr\/index.php\/wp-json\/wp\/v2\/pages"}],"about":[{"href":"https:\/\/joiedecrire.fr\/index.php\/wp-json\/wp\/v2\/types\/page"}],"author":[{"embeddable":true,"href":"https:\/\/joiedecrire.fr\/index.php\/wp-json\/wp\/v2\/users\/1"}],"replies":[{"embeddable":true,"href":"https:\/\/joiedecrire.fr\/index.php\/wp-json\/wp\/v2\/comments?post=195"}],"version-history":[{"count":5,"href":"https:\/\/joiedecrire.fr\/index.php\/wp-json\/wp\/v2\/pages\/195\/revisions"}],"predecessor-version":[{"id":289,"href":"https:\/\/joiedecrire.fr\/index.php\/wp-json\/wp\/v2\/pages\/195\/revisions\/289"}],"wp:attachment":[{"href":"https:\/\/joiedecrire.fr\/index.php\/wp-json\/wp\/v2\/media?parent=195"}],"curies":[{"name":"wp","href":"https:\/\/api.w.org\/{rel}","templated":true}]}}