{"id":8,"date":"2019-03-10T13:42:20","date_gmt":"2019-03-10T12:42:20","guid":{"rendered":"http:\/\/joiedecrire.ovh\/?page_id=8"},"modified":"2022-01-16T17:51:01","modified_gmt":"2022-01-16T16:51:01","slug":"accueil","status":"publish","type":"page","link":"https:\/\/joiedecrire.fr\/","title":{"rendered":"R\u00e9\u00e9ducation en \u00e9criture"},"content":{"rendered":"<p><img loading=\"lazy\" class=\" wp-image-36 alignleft\" src=\"https:\/\/joiedecrire.fr\/wp-content\/uploads\/2019\/03\/close-up-color-conceptual-1446274-2.jpg\" alt=\"\" width=\"544\" height=\"363\" \/><\/p>\n<ul>\n<li><strong>\u00c9crire<\/strong> vous fait <strong>souffrir<\/strong> ?<\/li>\n<li>Vous avez des <strong>probl\u00e8mes d&rsquo;\u00e9criture <\/strong>?<\/li>\n<li>Vous n\u2019\u00eates<strong> pas assez lisible <\/strong>?<\/li>\n<li>Vous avez une <strong>\u00e9criture trop lente <\/strong>?<\/li>\n<li>Vous \u00eates <strong>dysgraphique <\/strong>?<\/li>\n<\/ul>\n<p>A tout \u00e2ge (enfant-ado-adulte), je vous accompagne pour retrouver un<strong> geste d\u2019\u00e9criture efficace<\/strong> et renouer avec le plaisir d\u2019\u00e9crire.<\/p>\n<p>Quelques s\u00e9ances (5 \u00e0 8) \u2013 et de l\u2019entrainement- <strong>am\u00e9lioreront votre \u00e9criture<\/strong> pour trouver ou retrouver la joie d\u2019\u00e9crire <strong>lisiblement<\/strong> de mani\u00e8re <strong>fluide<\/strong> et<strong> rapide<\/strong>.<\/p>\n<p><img loading=\"lazy\" class=\"wp-image-76 alignright\" src=\"http:\/\/joiedecrire.ovh\/wp-content\/uploads\/2019\/03\/Logo-reeducatrices-1-300x235.jpg\" alt=\"\" width=\"140\" height=\"110\" srcset=\"https:\/\/joiedecrire.fr\/wp-content\/uploads\/2019\/03\/Logo-reeducatrices-1-300x235.jpg 300w, https:\/\/joiedecrire.fr\/wp-content\/uploads\/2019\/03\/Logo-reeducatrices-1.jpg 306w\" sizes=\"(max-width: 140px) 100vw, 140px\" \/><\/p>\n\n\n<div class=\"wp-block-media-text alignwide is-stacked-on-mobile\"><figure class=\"wp-block-media-text__media\"><\/figure><div class=\"wp-block-media-text__content\">\n<p><strong>B\u00e9n\u00e9dicte MARAIS-VIAC<\/strong> , <strong>Soisy sur Seine, ESSONNE<\/strong><\/p>\n<\/div><\/div>\n\n\n\n<p><\/p>\n","protected":false},"excerpt":{"rendered":"<p>\u00c9crire vous fait souffrir ? Vous avez des probl\u00e8mes d&rsquo;\u00e9criture ? Vous n\u2019\u00eates pas assez lisible ? Vous avez une \u00e9criture trop lente ? Vous \u00eates dysgraphique ? A tout \u00e2ge (enfant-ado-adulte), je vous accompagne pour retrouver un geste d\u2019\u00e9criture efficace et renouer avec le plaisir d\u2019\u00e9crire. Quelques s\u00e9ances (5 \u00e0 8) \u2013 et de [&hellip;]<\/p>\n","protected":false},"author":1,"featured_media":0,"parent":0,"menu_order":1,"comment_status":"closed","ping_status":"closed","template":"","meta":[],"_links":{"self":[{"href":"https:\/\/joiedecrire.fr\/index.php\/wp-json\/wp\/v2\/pages\/8"}],"collection":[{"href":"https:\/\/joiedecrire.fr\/index.php\/wp-json\/wp\/v2\/pages"}],"about":[{"href":"https:\/\/joiedecrire.fr\/index.php\/wp-json\/wp\/v2\/types\/page"}],"author":[{"embeddable":true,"href":"https:\/\/joiedecrire.fr\/index.php\/wp-json\/wp\/v2\/users\/1"}],"replies":[{"embeddable":true,"href":"https:\/\/joiedecrire.fr\/index.php\/wp-json\/wp\/v2\/comments?post=8"}],"version-history":[{"count":34,"href":"https:\/\/joiedecrire.fr\/index.php\/wp-json\/wp\/v2\/pages\/8\/revisions"}],"predecessor-version":[{"id":306,"href":"https:\/\/joiedecrire.fr\/index.php\/wp-json\/wp\/v2\/pages\/8\/revisions\/306"}],"wp:attachment":[{"href":"https:\/\/joiedecrire.fr\/index.php\/wp-json\/wp\/v2\/media?parent=8"}],"curies":[{"name":"wp","href":"https:\/\/api.w.org\/{rel}","templated":true}]}}