{"id":9,"date":"2019-03-10T13:42:20","date_gmt":"2019-03-10T12:42:20","guid":{"rendered":"http:\/\/joiedecrire.ovh\/?page_id=9"},"modified":"2022-01-16T17:55:29","modified_gmt":"2022-01-16T16:55:29","slug":"a-propos-de","status":"publish","type":"page","link":"https:\/\/joiedecrire.fr\/index.php\/a-propos-de\/","title":{"rendered":"La r\u00e9\u00e9ducation"},"content":{"rendered":"\n<div class=\"wp-block-columns has-3-columns\">\n<div class=\"wp-block-column\">\n<figure class=\"wp-block-image\"><img loading=\"lazy\" width=\"1024\" height=\"680\" src=\"https:\/\/joiedecrire.fr\/wp-content\/uploads\/2019\/03\/abstract-black-and-white-blur-261763-2-1024x680.jpg\" alt=\"\" class=\"wp-image-54\" srcset=\"https:\/\/joiedecrire.fr\/wp-content\/uploads\/2019\/03\/abstract-black-and-white-blur-261763-2-1024x680.jpg 1024w, https:\/\/joiedecrire.fr\/wp-content\/uploads\/2019\/03\/abstract-black-and-white-blur-261763-2-300x199.jpg 300w, https:\/\/joiedecrire.fr\/wp-content\/uploads\/2019\/03\/abstract-black-and-white-blur-261763-2-768x510.jpg 768w\" sizes=\"(max-width: 1024px) 100vw, 1024px\" \/><\/figure>\n\n\n\n<h3><em><strong>Pourquoi ?<\/strong><\/em><\/h3>\n\n\n\n<p>Parce qu\u2019apprendre \u00e0 \u00e9crire n\u2019est pas inn\u00e9 et que vous souffrez, \u00eates<strong> trop lent<\/strong> ou <strong>illisible<\/strong>.<\/p>\n\n\n\n<p>Car retrouver un <strong>geste efficace <\/strong>automatis\u00e9 pour \u00e9crire permet \u00e0 chacun de lib\u00e9rer ses ressources attentionnelles pour d\u2019autres t\u00e2ches. Le cerveau est alors plus disponible pour r\u00e9fl\u00e9chir, m\u00e9moriser et apprendre.<\/p>\n\n\n\n<p>L\u2019am\u00e9lioration de l\u2019\u00e9criture, en termes de<strong> lisibilit\u00e9<\/strong>, de <strong>vitesse<\/strong> ou de <strong>confort<\/strong>, permet de mettre en valeur les productions \u00e9crites et de nourrir son estime de soi et sa confiance en soi. Vous retrouvez alors la libert\u00e9 de communiquer votre pens\u00e9e.<\/p>\n<\/div>\n\n\n\n<div class=\"wp-block-column\">\n<figure class=\"wp-block-image\"><img loading=\"lazy\" width=\"1024\" height=\"684\" src=\"https:\/\/joiedecrire.fr\/wp-content\/uploads\/2019\/03\/beautiful-beauty-blond-hair-1843358-1024x684.jpg\" alt=\"\" class=\"wp-image-53\" srcset=\"https:\/\/joiedecrire.fr\/wp-content\/uploads\/2019\/03\/beautiful-beauty-blond-hair-1843358-1024x684.jpg 1024w, https:\/\/joiedecrire.fr\/wp-content\/uploads\/2019\/03\/beautiful-beauty-blond-hair-1843358-300x200.jpg 300w, https:\/\/joiedecrire.fr\/wp-content\/uploads\/2019\/03\/beautiful-beauty-blond-hair-1843358-768x513.jpg 768w\" sizes=\"(max-width: 1024px) 100vw, 1024px\" \/><\/figure>\n\n\n\n<h3><strong><em>Pour qui ?<\/em><\/strong><\/h3>\n\n\n\n<p>Votre enfant n\u2019aime pas \u00e9crire, parce que \u00e7a lui est douloureux, parce qu&rsquo;il est <strong>gaucher<\/strong>, <strong>dysgraphique<\/strong>, parce qu\u2019il a du mal \u00e0 se relire, parce qu\u2019il a du mal \u00e0 copier ou \u00e9crire dans un d\u00e9lai imparti ou parce qu&rsquo;il a des <strong>difficult\u00e9s avec la tenue de son crayon<\/strong> ou avec la <strong>formation des  lettres<\/strong>.<\/p>\n\n\n\n<p>Votre adolescent s\u2019inqui\u00e8te de <strong>ne pas \u00eatre lisible <\/strong>alors qu\u2019il va passer des examens, il veut retrouver une \u00e9criture <strong>cursive<\/strong> appr\u00e9ci\u00e9 des professeurs.<\/p>\n\n\n\n<p>Vous, adulte, avez mal lorsque vous \u00e9crivez, avez du mal \u00e0 vous relire.<\/p>\n<\/div>\n\n\n\n<div class=\"wp-block-column\">\n<figure class=\"wp-block-image\"><img loading=\"lazy\" width=\"306\" height=\"240\" src=\"https:\/\/joiedecrire.fr\/wp-content\/uploads\/2019\/03\/Logo-reeducatrices-1.jpg\" alt=\"\" class=\"wp-image-76\" srcset=\"https:\/\/joiedecrire.fr\/wp-content\/uploads\/2019\/03\/Logo-reeducatrices-1.jpg 306w, https:\/\/joiedecrire.fr\/wp-content\/uploads\/2019\/03\/Logo-reeducatrices-1-300x235.jpg 300w\" sizes=\"(max-width: 306px) 100vw, 306px\" \/><\/figure>\n\n\n\n<h3><strong><em>Comment ?<\/em><\/strong><\/h3>\n\n\n\n<p>La premi\u00e8re s\u00e9ance nous permet de faire connaissance et de dresser un premier bilan sur les <strong>difficult\u00e9s li\u00e9es \u00e0 l\u2019\u00e9criture<\/strong> et les objectifs \u00e0 atteindre. Une premi\u00e8re <strong>observation de l\u2019\u00e9criture<\/strong> et de l\u2019acte d\u2019\u00e9crire permettra d\u2019identifier les \u00e9l\u00e9ments \u00e0 modifier (posture, <strong>tenue du crayon<\/strong>, tonus, <strong>formation des lettres<\/strong>\u2026) puis de commencer la r\u00e9\u00e9ducation.<\/p>\n\n\n\n<p>Les s\u00e9ances suivantes sont espac\u00e9es de 3 semaines. Leur contenu personnalis\u00e9 est adapt\u00e9 aux besoins et au rythme de chacun et fonction de la progression individuelle. <\/p>\n\n\n\n<p>Entre chaque s\u00e9ance, des exercices sont \u00e0 r\u00e9aliser quotidiennement pour l\u2019<strong>automatisation<\/strong> des gestes efficients. C\u2019est la pr\u00e9cision et la r\u00e9gularit\u00e9 de cet entrainement qui feront la <strong>r\u00e9ussite de la r\u00e9\u00e9ducation<\/strong>.<\/p>\n<\/div>\n<\/div>\n\n\n\n<div class=\"wp-block-columns has-3-columns\">\n<div class=\"wp-block-column\">\n<figure class=\"wp-block-image\"><img loading=\"lazy\" width=\"1024\" height=\"680\" src=\"https:\/\/joiedecrire.fr\/wp-content\/uploads\/2019\/03\/school-93200_1920-1024x680.jpg\" alt=\"\" class=\"wp-image-41\" srcset=\"https:\/\/joiedecrire.fr\/wp-content\/uploads\/2019\/03\/school-93200_1920-1024x680.jpg 1024w, https:\/\/joiedecrire.fr\/wp-content\/uploads\/2019\/03\/school-93200_1920-300x199.jpg 300w, https:\/\/joiedecrire.fr\/wp-content\/uploads\/2019\/03\/school-93200_1920-768x510.jpg 768w, https:\/\/joiedecrire.fr\/wp-content\/uploads\/2019\/03\/school-93200_1920.jpg 1920w\" sizes=\"(max-width: 1024px) 100vw, 1024px\" \/><\/figure>\n\n\n\n<h3><strong><em>Dur\u00e9e<\/em><\/strong><\/h3>\n\n\n\n<p>Une r\u00e9\u00e9ducation comprend en moyenne 5 \u00e0 8 s\u00e9ances d\u2019une heure espac\u00e9es de 3&nbsp;semaines.<\/p>\n\n\n\n<p> Une s\u00e9ance dure une heure. 45 minutes avec l\u2019\u00e9l\u00e8ve puis 15 minutes de  d\u00e9briefing avec l\u2019adulte accompagnateur pour l\u2019explication des exercices  \u00e0 r\u00e9aliser \u00e0 la maison. <\/p>\n<\/div>\n\n\n\n<div class=\"wp-block-column\">\n<figure class=\"wp-block-image\"><img loading=\"lazy\" width=\"1024\" height=\"683\" src=\"https:\/\/joiedecrire.fr\/wp-content\/uploads\/2019\/06\/art-close-up-color-159731-1024x683.jpg\" alt=\"\" class=\"wp-image-245\" srcset=\"https:\/\/joiedecrire.fr\/wp-content\/uploads\/2019\/06\/art-close-up-color-159731-1024x683.jpg 1024w, https:\/\/joiedecrire.fr\/wp-content\/uploads\/2019\/06\/art-close-up-color-159731-300x200.jpg 300w, https:\/\/joiedecrire.fr\/wp-content\/uploads\/2019\/06\/art-close-up-color-159731-768x512.jpg 768w\" sizes=\"(max-width: 1024px) 100vw, 1024px\" \/><\/figure>\n\n\n\n<h3><strong><em>Co\u00fbt<\/em><\/strong><\/h3>\n\n\n\n<p>Une s\u00e9ance coute 50 euros que vous pouvez r\u00e9gler par ch\u00e8que ou en esp\u00e8ces.<\/p>\n<\/div>\n\n\n\n<div class=\"wp-block-column\">\n<figure class=\"wp-block-image\"><img loading=\"lazy\" width=\"1024\" height=\"768\" src=\"https:\/\/joiedecrire.fr\/wp-content\/uploads\/2019\/03\/class-composition-creativity-207756-1024x768.jpg\" alt=\"\" class=\"wp-image-57\" srcset=\"https:\/\/joiedecrire.fr\/wp-content\/uploads\/2019\/03\/class-composition-creativity-207756-1024x768.jpg 1024w, https:\/\/joiedecrire.fr\/wp-content\/uploads\/2019\/03\/class-composition-creativity-207756-300x225.jpg 300w, https:\/\/joiedecrire.fr\/wp-content\/uploads\/2019\/03\/class-composition-creativity-207756-768x576.jpg 768w\" sizes=\"(max-width: 1024px) 100vw, 1024px\" \/><\/figure>\n\n\n\n<h3><strong><em>R\u00e9sultats<\/em><\/strong><\/h3>\n\n\n\n<p>En changeant <strong>posture<\/strong>, <strong>tenue<\/strong> et <strong>maniement<\/strong> du crayon, on parvient \u00e0 produire une <strong>\u00e9criture lisible<\/strong>, <strong>fluide<\/strong> et <strong>sans douleur<\/strong>.<\/p>\n\n\n\n<p><a href=\"\/index.php\/avant-apres\/\">Avant\/apr\u00e8s<\/a><\/p>\n<\/div>\n<\/div>\n","protected":false},"excerpt":{"rendered":"<p>Pourquoi ? Parce qu\u2019apprendre \u00e0 \u00e9crire n\u2019est pas inn\u00e9 et que vous souffrez, \u00eates trop lent ou illisible. Car retrouver un geste efficace automatis\u00e9 pour \u00e9crire permet \u00e0 chacun de lib\u00e9rer ses ressources attentionnelles pour d\u2019autres t\u00e2ches. Le cerveau est alors plus disponible pour r\u00e9fl\u00e9chir, m\u00e9moriser et apprendre. L\u2019am\u00e9lioration de l\u2019\u00e9criture, en termes de lisibilit\u00e9, [&hellip;]<\/p>\n","protected":false},"author":1,"featured_media":0,"parent":0,"menu_order":0,"comment_status":"closed","ping_status":"closed","template":"","meta":[],"_links":{"self":[{"href":"https:\/\/joiedecrire.fr\/index.php\/wp-json\/wp\/v2\/pages\/9"}],"collection":[{"href":"https:\/\/joiedecrire.fr\/index.php\/wp-json\/wp\/v2\/pages"}],"about":[{"href":"https:\/\/joiedecrire.fr\/index.php\/wp-json\/wp\/v2\/types\/page"}],"author":[{"embeddable":true,"href":"https:\/\/joiedecrire.fr\/index.php\/wp-json\/wp\/v2\/users\/1"}],"replies":[{"embeddable":true,"href":"https:\/\/joiedecrire.fr\/index.php\/wp-json\/wp\/v2\/comments?post=9"}],"version-history":[{"count":32,"href":"https:\/\/joiedecrire.fr\/index.php\/wp-json\/wp\/v2\/pages\/9\/revisions"}],"predecessor-version":[{"id":307,"href":"https:\/\/joiedecrire.fr\/index.php\/wp-json\/wp\/v2\/pages\/9\/revisions\/307"}],"wp:attachment":[{"href":"https:\/\/joiedecrire.fr\/index.php\/wp-json\/wp\/v2\/media?parent=9"}],"curies":[{"name":"wp","href":"https:\/\/api.w.org\/{rel}","templated":true}]}}